{"id":2710,"date":"2025-09-24T01:23:19","date_gmt":"2025-09-24T01:23:19","guid":{"rendered":"https:\/\/lauraqueirolo.com\/fifanasia\/?page_id=2710"},"modified":"2025-09-25T03:18:05","modified_gmt":"2025-09-25T03:18:05","slug":"politicas-de-devoluciones-y-reembolsos","status":"publish","type":"page","link":"https:\/\/lauraqueirolo.com\/fifanasia\/politicas-de-devoluciones-y-reembolsos\/","title":{"rendered":"Pol\u00edticas de devoluciones y reembolsos"},"content":{"rendered":"\t\t<div data-elementor-type=\"wp-page\" data-elementor-id=\"2710\" class=\"elementor elementor-2710\">\n\t\t\t\t<div class=\"elementor-element elementor-element-27836e2 e-flex e-con-boxed e-con e-parent\" data-id=\"27836e2\" data-element_type=\"container\">\n\t\t\t\t\t<div class=\"e-con-inner\">\n\t\t<div class=\"elementor-element elementor-element-63c61bb e-con-full e-flex e-con e-child\" data-id=\"63c61bb\" data-element_type=\"container\" data-settings=\"{&quot;animation_mobile&quot;:&quot;fadeIn&quot;}\">\n\t\t\t\t<div class=\"elementor-element elementor-element-09feb5c elementor-widget elementor-widget-heading\" data-id=\"09feb5c\" data-element_type=\"widget\" data-widget_type=\"heading.default\">\n\t\t\t\t\t<h1 class=\"elementor-heading-title elementor-size-default\">Pol\u00edtica de Devoluciones y Reembolsos<\/h1>\t\t\t\t<\/div>\n\t\t\t\t<div class=\"elementor-element elementor-element-3526bc9 elementor-widget elementor-widget-text-editor\" data-id=\"3526bc9\" data-element_type=\"widget\" data-widget_type=\"text-editor.default\">\n\t\t\t\t\t\t\t\t\t<p data-start=\"1545\" data-end=\"1716\">En <strong data-start=\"279\" data-end=\"304\">Fifan<\/strong> queremos que tengas una experiencia segura y satisfactoria al comprar nuestros productos. A continuaci\u00f3n, te detallamos nuestras pol\u00edticas:<\/p>\t\t\t\t\t\t\t\t<\/div>\n\t\t\t\t<div class=\"elementor-element elementor-element-c5f8ced elementor-widget elementor-widget-text-editor\" data-id=\"c5f8ced\" data-element_type=\"widget\" data-widget_type=\"text-editor.default\">\n\t\t\t\t\t\t\t\t\t<h3 data-start=\"446\" data-end=\"470\">\u2705 Control de calidad<\/h3><p data-start=\"471\" data-end=\"591\">Todos nuestros productos pasan por un <strong data-start=\"509\" data-end=\"543\">control de calidad y caducidad<\/strong> antes de ser enviados desde nuestro dep\u00f3sito.<\/p>\t\t\t\t\t\t\t\t<\/div>\n\t\t\t\t<div class=\"elementor-element elementor-element-5d64b01 elementor-widget elementor-widget-text-editor\" data-id=\"5d64b01\" data-element_type=\"widget\" data-widget_type=\"text-editor.default\">\n\t\t\t\t\t\t\t\t\t<h3 data-start=\"593\" data-end=\"649\">\ud83d\udce6 Devoluciones y reclamos por productos defectuosos<\/h3><ul data-start=\"650\" data-end=\"1090\"><li data-start=\"650\" data-end=\"866\"><p data-start=\"652\" data-end=\"866\">Si recib\u00eds un producto da\u00f1ado, vencido, en mal estado o equivocado, comunicate por <a href=\"https:\/\/wa.me\/5491139409945\" target=\"_blank\" rel=\"noopener\"><strong data-start=\"735\" data-end=\"769\">WhatsApp al +54 9 11 3940-9945<\/strong><\/a>, de martes a domingo de 9:00 a 18:00 hs, indicando tu <strong data-start=\"824\" data-end=\"863\">nombre, apellido y n\u00famero de pedido<\/strong>.<\/p><\/li><li data-start=\"867\" data-end=\"976\"><p data-start=\"869\" data-end=\"976\">El plazo m\u00e1ximo para ingresar un reclamo de este tipo es de <strong data-start=\"929\" data-end=\"941\">24 horas<\/strong> desde la recepci\u00f3n de tu compra.<\/p><\/li><li data-start=\"977\" data-end=\"1090\"><p data-start=\"979\" data-end=\"1090\">En caso de productos defectuosos o errores de env\u00edo, <strong data-start=\"1032\" data-end=\"1087\">nos hacemos cargo de los costos de retiro y reenv\u00edo<\/strong>.<\/p><\/li><\/ul>\t\t\t\t\t\t\t\t<\/div>\n\t\t\t\t<div class=\"elementor-element elementor-element-0190439 elementor-widget elementor-widget-text-editor\" data-id=\"0190439\" data-element_type=\"widget\" data-widget_type=\"text-editor.default\">\n\t\t\t\t\t\t\t\t\t<h3 data-start=\"1092\" data-end=\"1134\">\u26a0\ufe0f Productos que no admiten devoluci\u00f3n<\/h3><ul data-start=\"1135\" data-end=\"1380\"><li data-start=\"1135\" data-end=\"1273\"><p data-start=\"1137\" data-end=\"1273\">Por tratarse de <strong data-start=\"1153\" data-end=\"1178\">alimentos perecederos<\/strong>, no se aceptan devoluciones por motivos de gusto, elecci\u00f3n personal o preferencias de sabor.<\/p><\/li><li data-start=\"1274\" data-end=\"1380\"><p data-start=\"1276\" data-end=\"1380\">Tampoco se aceptan devoluciones de productos abiertos o manipulados fuera de las condiciones de env\u00edo.<\/p><\/li><\/ul>\t\t\t\t\t\t\t\t<\/div>\n\t\t\t\t<div class=\"elementor-element elementor-element-4624dad elementor-widget elementor-widget-text-editor\" data-id=\"4624dad\" data-element_type=\"widget\" data-widget_type=\"text-editor.default\">\n\t\t\t\t\t\t\t\t\t<h3 data-start=\"1382\" data-end=\"1399\">\ud83d\udcb0 Reembolsos<\/h3><ul data-start=\"1400\" data-end=\"1694\"><li data-start=\"1400\" data-end=\"1498\"><p data-start=\"1402\" data-end=\"1498\">Una vez recibido y verificado el reclamo, se notificar\u00e1 la aprobaci\u00f3n o rechazo del reembolso.<\/p><\/li><li data-start=\"1499\" data-end=\"1694\"><p data-start=\"1501\" data-end=\"1694\">Si corresponde, el reembolso se har\u00e1 dentro de los <strong data-start=\"1552\" data-end=\"1570\">7 d\u00edas h\u00e1biles<\/strong> a trav\u00e9s del mismo medio de pago utilizado, o mediante un cup\u00f3n de cr\u00e9dito para futuras compras (a elecci\u00f3n del cliente).<\/p><\/li><\/ul>\t\t\t\t\t\t\t\t<\/div>\n\t\t\t\t<\/div>\n\t\t\t\t\t<\/div>\n\t\t\t\t<\/div>\n\t\t\t\t<\/div>\n\t\t","protected":false},"excerpt":{"rendered":"<p>Pol\u00edtica de Devoluciones y Reembolsos En Fifan queremos que tengas una experiencia segura y satisfactoria al comprar nuestros productos. A [&hellip;]<\/p>\n","protected":false},"author":1,"featured_media":0,"parent":0,"menu_order":0,"comment_status":"closed","ping_status":"closed","template":"","meta":{"site-sidebar-layout":"no-sidebar","site-content-layout":"","ast-site-content-layout":"full-width-container","site-content-style":"default","site-sidebar-style":"default","ast-global-header-display":"","ast-banner-title-visibility":"","ast-main-header-display":"","ast-hfb-above-header-display":"","ast-hfb-below-header-display":"","ast-hfb-mobile-header-display":"","site-post-title":"","ast-breadcrumbs-content":"","ast-featured-img":"disabled","footer-sml-layout":"","theme-transparent-header-meta":"","adv-header-id-meta":"","stick-header-meta":"","header-above-stick-meta":"","header-main-stick-meta":"","header-below-stick-meta":"","astra-migrate-meta-layouts":"default","ast-page-background-enabled":"default","ast-page-background-meta":{"desktop":{"background-color":"var(--ast-global-color-5)","background-image":"","background-repeat":"repeat","background-position":"center center","background-size":"auto","background-attachment":"scroll","background-type":"","background-media":"","overlay-type":"","overlay-color":"","overlay-opacity":"","overlay-gradient":""},"tablet":{"background-color":"","background-image":"","background-repeat":"repeat","background-position":"center center","background-size":"auto","background-attachment":"scroll","background-type":"","background-media":"","overlay-type":"","overlay-color":"","overlay-opacity":"","overlay-gradient":""},"mobile":{"background-color":"","background-image":"","background-repeat":"repeat","background-position":"center center","background-size":"auto","background-attachment":"scroll","background-type":"","background-media":"","overlay-type":"","overlay-color":"","overlay-opacity":"","overlay-gradient":""}},"ast-content-background-meta":{"desktop":{"background-color":"var(--ast-global-color-4)","background-image":"","background-repeat":"repeat","background-position":"center center","background-size":"auto","background-attachment":"scroll","background-type":"","background-media":"","overlay-type":"","overlay-color":"","overlay-opacity":"","overlay-gradient":""},"tablet":{"background-color":"var(--ast-global-color-4)","background-image":"","background-repeat":"repeat","background-position":"center center","background-size":"auto","background-attachment":"scroll","background-type":"","background-media":"","overlay-type":"","overlay-color":"","overlay-opacity":"","overlay-gradient":""},"mobile":{"background-color":"var(--ast-global-color-4)","background-image":"","background-repeat":"repeat","background-position":"center center","background-size":"auto","background-attachment":"scroll","background-type":"","background-media":"","overlay-type":"","overlay-color":"","overlay-opacity":"","overlay-gradient":""}},"footnotes":""},"class_list":["post-2710","page","type-page","status-publish","hentry"],"_links":{"self":[{"href":"https:\/\/lauraqueirolo.com\/fifanasia\/wp-json\/wp\/v2\/pages\/2710","targetHints":{"allow":["GET"]}}],"collection":[{"href":"https:\/\/lauraqueirolo.com\/fifanasia\/wp-json\/wp\/v2\/pages"}],"about":[{"href":"https:\/\/lauraqueirolo.com\/fifanasia\/wp-json\/wp\/v2\/types\/page"}],"author":[{"embeddable":true,"href":"https:\/\/lauraqueirolo.com\/fifanasia\/wp-json\/wp\/v2\/users\/1"}],"replies":[{"embeddable":true,"href":"https:\/\/lauraqueirolo.com\/fifanasia\/wp-json\/wp\/v2\/comments?post=2710"}],"version-history":[{"count":26,"href":"https:\/\/lauraqueirolo.com\/fifanasia\/wp-json\/wp\/v2\/pages\/2710\/revisions"}],"predecessor-version":[{"id":3070,"href":"https:\/\/lauraqueirolo.com\/fifanasia\/wp-json\/wp\/v2\/pages\/2710\/revisions\/3070"}],"wp:attachment":[{"href":"https:\/\/lauraqueirolo.com\/fifanasia\/wp-json\/wp\/v2\/media?parent=2710"}],"curies":[{"name":"wp","href":"https:\/\/api.w.org\/{rel}","templated":true}]}}