{"id":2722,"date":"2025-09-24T01:41:05","date_gmt":"2025-09-24T01:41:05","guid":{"rendered":"https:\/\/lauraqueirolo.com\/fifanasia\/?page_id=2722"},"modified":"2025-09-25T17:09:33","modified_gmt":"2025-09-25T17:09:33","slug":"terminos-y-condiciones","status":"publish","type":"page","link":"https:\/\/lauraqueirolo.com\/fifanasia\/terminos-y-condiciones\/","title":{"rendered":"T\u00e9rminos y condiciones"},"content":{"rendered":"\t\t<div data-elementor-type=\"wp-page\" data-elementor-id=\"2722\" class=\"elementor elementor-2722\">\n\t\t\t\t<div class=\"elementor-element elementor-element-27836e2 e-flex e-con-boxed e-con e-parent\" data-id=\"27836e2\" data-element_type=\"container\">\n\t\t\t\t\t<div class=\"e-con-inner\">\n\t\t<div class=\"elementor-element elementor-element-63c61bb e-con-full e-flex e-con e-child\" data-id=\"63c61bb\" data-element_type=\"container\" data-settings=\"{&quot;animation_mobile&quot;:&quot;fadeIn&quot;}\">\n\t\t\t\t<div class=\"elementor-element elementor-element-09feb5c elementor-widget elementor-widget-heading\" data-id=\"09feb5c\" data-element_type=\"widget\" data-widget_type=\"heading.default\">\n\t\t\t\t\t<h1 class=\"elementor-heading-title elementor-size-default\">T\u00e9rminos y condiciones<\/h1>\t\t\t\t<\/div>\n\t\t\t\t<div class=\"elementor-element elementor-element-3526bc9 elementor-widget elementor-widget-text-editor\" data-id=\"3526bc9\" data-element_type=\"widget\" data-widget_type=\"text-editor.default\">\n\t\t\t\t\t\t\t\t\t<p data-start=\"302\" data-end=\"396\">Al acceder y utilizar este sitio web, acept\u00e1s cumplir los siguientes t\u00e9rminos y condiciones:<\/p>\t\t\t\t\t\t\t\t<\/div>\n\t\t\t\t<div class=\"elementor-element elementor-element-c5f8ced elementor-widget elementor-widget-text-editor\" data-id=\"c5f8ced\" data-element_type=\"widget\" data-widget_type=\"text-editor.default\">\n\t\t\t\t\t\t\t\t\t<h3 data-start=\"398\" data-end=\"430\">1. Informaci\u00f3n del proveedor<\/h3><ul data-start=\"431\" data-end=\"604\"><li data-start=\"431\" data-end=\"482\"><p data-start=\"433\" data-end=\"482\"><strong>Nombre\/Raz\u00f3n Social:<\/strong> Lin Qin<\/p><\/li><li data-start=\"431\" data-end=\"482\"><p data-start=\"433\" data-end=\"482\"><strong style=\"font-size: 16px;\">CUIT:<\/strong><span style=\"font-size: 16px;\"> 27-95830527-9<\/span><\/p><\/li><li data-start=\"503\" data-end=\"541\"><p data-start=\"505\" data-end=\"541\"><strong>Direcci\u00f3n:\u00a0 <\/strong>Mart\u00ednez Melo 158, Moreno Provincia de Buenos Aires<\/p><\/li><li data-start=\"542\" data-end=\"576\"><p data-start=\"544\" data-end=\"576\"><strong>Correo electr\u00f3nico:<\/strong> <a href=\"mailto:fifanasiaticos@gmail.com\" target=\"_blank\" rel=\"noopener\">fifanasiaticos@gmail.com<\/a><\/p><\/li><li data-start=\"577\" data-end=\"604\"><p data-start=\"579\" data-end=\"604\"><strong>Tel\u00e9fono: <\/strong><a href=\"https:\/\/wa.me\/5491139409945\" target=\"_blank\" rel=\"noopener\">+54 9 11-3940-9945<\/a><\/p><\/li><\/ul>\t\t\t\t\t\t\t\t<\/div>\n\t\t\t\t<div class=\"elementor-element elementor-element-5d64b01 elementor-widget elementor-widget-text-editor\" data-id=\"5d64b01\" data-element_type=\"widget\" data-widget_type=\"text-editor.default\">\n\t\t\t\t\t\t\t\t\t<h3 data-start=\"611\" data-end=\"644\">2. Productos y disponibilidad<\/h3><ul data-start=\"645\" data-end=\"902\"><li data-start=\"645\" data-end=\"768\"><p data-start=\"647\" data-end=\"768\">Todos nuestros productos son <strong data-start=\"676\" data-end=\"704\">alimenticios perecederos<\/strong> y est\u00e1n sujetos a disponibilidad de stock.<\/p><\/li><li data-start=\"769\" data-end=\"902\"><p data-start=\"771\" data-end=\"902\">Nos reservamos el derecho de modificar precios, descripciones y condiciones sin previo aviso, respetando los pedidos confirmados.<\/p><\/li><\/ul>\t\t\t\t\t\t\t\t<\/div>\n\t\t\t\t<div class=\"elementor-element elementor-element-0190439 elementor-widget elementor-widget-text-editor\" data-id=\"0190439\" data-element_type=\"widget\" data-widget_type=\"text-editor.default\">\n\t\t\t\t\t\t\t\t\t<h3 data-start=\"909\" data-end=\"937\">3. Condiciones de compra<\/h3><ul data-start=\"938\" data-end=\"1211\"><li data-start=\"938\" data-end=\"1042\"><p data-start=\"940\" data-end=\"1042\">La compra se realiza mediante <strong data-start=\"970\" data-end=\"985\">WooCommerce<\/strong>, siguiendo los pasos de selecci\u00f3n, carrito y checkout.<\/p><\/li><li data-start=\"1043\" data-end=\"1117\"><p data-start=\"1045\" data-end=\"1117\">El pago se efectuar\u00e1 a trav\u00e9s de los m\u00e9todos habilitados en la tienda.<\/p><\/li><li data-start=\"1118\" data-end=\"1211\"><p data-start=\"1120\" data-end=\"1211\">Una vez completado el pedido, recibir\u00e1s confirmaci\u00f3n por correo electr\u00f3nico y\/o WhatsApp.<\/p><\/li><\/ul>\t\t\t\t\t\t\t\t<\/div>\n\t\t\t\t<div class=\"elementor-element elementor-element-4624dad elementor-widget elementor-widget-text-editor\" data-id=\"4624dad\" data-element_type=\"widget\" data-widget_type=\"text-editor.default\">\n\t\t\t\t\t\t\t\t\t<h3 data-start=\"1218\" data-end=\"1242\">4. Env\u00edos y entregas<\/h3><ul data-start=\"1243\" data-end=\"1542\"><li data-start=\"1243\" data-end=\"1329\"><p data-start=\"1245\" data-end=\"1329\">Los plazos de entrega son estimativos y dependen del m\u00e9todo de env\u00edo seleccionado.<\/p><\/li><li data-start=\"1330\" data-end=\"1452\"><p data-start=\"1332\" data-end=\"1452\">No nos responsabilizamos por retrasos ocasionados por la empresa de transporte o situaciones fuera de nuestro control.<\/p><\/li><li data-start=\"1453\" data-end=\"1542\"><p data-start=\"1455\" data-end=\"1542\">Es responsabilidad del cliente proporcionar <strong data-start=\"1499\" data-end=\"1539\">direcci\u00f3n completa y datos correctos<\/strong>.<\/p><\/li><\/ul>\t\t\t\t\t\t\t\t<\/div>\n\t\t\t\t<div class=\"elementor-element elementor-element-06d73ef elementor-widget elementor-widget-text-editor\" data-id=\"06d73ef\" data-element_type=\"widget\" data-widget_type=\"text-editor.default\">\n\t\t\t\t\t\t\t\t\t<h3 data-start=\"1549\" data-end=\"1579\">5. Devoluciones y reclamos<\/h3><ul data-start=\"1580\" data-end=\"1875\"><li data-start=\"1580\" data-end=\"1715\"><p data-start=\"1582\" data-end=\"1715\">Las pol\u00edticas de cambios, devoluciones y reembolsos se detallan en nuestra p\u00e1gina: <strong data-start=\"1665\" data-end=\"1712\">\u00a0<a href=\"https:\/\/lauraqueirolo.com\/fifanasia\/politicas-de-devoluciones-y-reembolsos\/\" target=\"_blank\" rel=\"noopener\">Pol\u00edtica de Cambios y Devoluciones<\/a><\/strong>.<\/p><\/li><li data-start=\"1716\" data-end=\"1875\"><p data-start=\"1718\" data-end=\"1875\">Record\u00e1 que, al tratarse de <strong data-start=\"1746\" data-end=\"1784\">productos alimenticios perecederos<\/strong>, no se aceptan devoluciones por preferencias personales, gustos o elecci\u00f3n de productos.<\/p><\/li><\/ul>\t\t\t\t\t\t\t\t<\/div>\n\t\t\t\t<div class=\"elementor-element elementor-element-6007d82 elementor-widget elementor-widget-text-editor\" data-id=\"6007d82\" data-element_type=\"widget\" data-widget_type=\"text-editor.default\">\n\t\t\t\t\t\t\t\t\t<h3 data-start=\"2107\" data-end=\"2127\">7. Uso del sitio<\/h3><ul><li data-start=\"1293\" data-end=\"1387\"><p data-start=\"1295\" data-end=\"1387\">Queda prohibido usar el sitio para fines ilegales, comerciales o de reventa no autorizada.<\/p><\/li><li data-start=\"1388\" data-end=\"1493\"><p data-start=\"1390\" data-end=\"1493\">No se permite manipular, alterar o intentar vulnerar la seguridad del sitio o los sistemas asociados.<\/p><\/li><li data-start=\"1494\" data-end=\"1587\"><p data-start=\"1496\" data-end=\"1587\">Est\u00e1 prohibido subir contenido ofensivo, fraudulento o que infrinja derechos de terceros.<\/p><\/li><li data-start=\"2128\" data-end=\"2226\"><p data-start=\"2130\" data-end=\"2226\">Est\u00e1 prohibido el uso del sitio con fines ilegales, comerciales o de reventa sin autorizaci\u00f3n.<\/p><\/li><li data-start=\"2227\" data-end=\"2314\"><p data-start=\"2229\" data-end=\"2314\">No nos responsabilizamos por da\u00f1os o p\u00e9rdidas derivadas del uso indebido de la web.<\/p><\/li><li data-start=\"1588\" data-end=\"1703\"><p data-start=\"1590\" data-end=\"1703\">Cualquier actividad que viole la ley o estas condiciones podr\u00e1 ser denunciada ante las autoridades competentes.<\/p><\/li><li data-start=\"1588\" data-end=\"1703\">Las im\u00e1genes e iconos de este sitio son de terceros (Freepik) o generadas con IA.\u00a0<\/li><\/ul>\t\t\t\t\t\t\t\t<\/div>\n\t\t\t\t<div class=\"elementor-element elementor-element-0139e7c elementor-widget elementor-widget-text-editor\" data-id=\"0139e7c\" data-element_type=\"widget\" data-widget_type=\"text-editor.default\">\n\t\t\t\t\t\t\t\t\t<h3 data-start=\"2321\" data-end=\"2347\">8. Protecci\u00f3n de datos<\/h3><ul data-start=\"2348\" data-end=\"2486\"><li data-start=\"2348\" data-end=\"2486\"><p data-start=\"2350\" data-end=\"2486\">La informaci\u00f3n personal que proporciones ser\u00e1 tratada conforme a nuestra <a href=\"https:\/\/lauraqueirolo.com\/fifanasia\/politicas-de-privacidad\" target=\"_blank\" rel=\"noopener\"><strong data-start=\"2423\" data-end=\"2449\">Pol\u00edtica de Privacidad<\/strong><\/a>.<\/p><\/li><\/ul>\t\t\t\t\t\t\t\t<\/div>\n\t\t\t\t<div class=\"elementor-element elementor-element-f57e932 elementor-widget elementor-widget-text-editor\" data-id=\"f57e932\" data-element_type=\"widget\" data-widget_type=\"text-editor.default\">\n\t\t\t\t\t\t\t\t\t<h3 data-start=\"2493\" data-end=\"2528\">9. Ley aplicable y jurisdicci\u00f3n<\/h3><ul data-start=\"2529\" data-end=\"2733\"><li data-start=\"2529\" data-end=\"2624\"><p data-start=\"2531\" data-end=\"2624\">Estos t\u00e9rminos y condiciones se rigen por la legislaci\u00f3n vigente en la Rep\u00fablica Argentina.<\/p><\/li><li data-start=\"2625\" data-end=\"2733\"><p data-start=\"2627\" data-end=\"2733\">Cualquier conflicto ser\u00e1 resuelto ante los tribunales competentes de la Ciudad Aut\u00f3noma de Buenos Aires.<\/p><\/li><\/ul>\t\t\t\t\t\t\t\t<\/div>\n\t\t\t\t<div class=\"elementor-element elementor-element-14826e8 elementor-widget elementor-widget-text-editor\" data-id=\"14826e8\" data-element_type=\"widget\" data-widget_type=\"text-editor.default\">\n\t\t\t\t\t\t\t\t\t<h3 data-start=\"2740\" data-end=\"2756\">10. Contacto<\/h3><p data-start=\"2757\" data-end=\"2807\">Para consultas sobre estos t\u00e9rminos o tu compra:<\/p><ul data-start=\"2808\" data-end=\"2861\"><li data-start=\"2808\" data-end=\"2829\"><p data-start=\"2810\" data-end=\"2829\"><strong>Email:\u00a0<\/strong> <a href=\"mailto:fifanasiaticos@gmail.com?subject=Consulta&amp;body=Hola,%20quiero%20informaci\u00f3n\" target=\"_blank\" rel=\"noopener\">fifanasiaticos@gmail.com<\/a><\/p><\/li><li data-start=\"2830\" data-end=\"2861\"><p data-start=\"2832\" data-end=\"2861\"><strong>WhatsApp:<\/strong> <a href=\"https:\/\/wa.me\/5491139409945\" target=\"_blank\" rel=\"noopener\">+54 9 11-3940-9945<\/a><\/p><\/li><\/ul>\t\t\t\t\t\t\t\t<\/div>\n\t\t\t\t<\/div>\n\t\t\t\t\t<\/div>\n\t\t\t\t<\/div>\n\t\t\t\t<\/div>\n\t\t","protected":false},"excerpt":{"rendered":"<p>T\u00e9rminos y condiciones Al acceder y utilizar este sitio web, acept\u00e1s cumplir los siguientes t\u00e9rminos y condiciones: 1. Informaci\u00f3n del [&hellip;]<\/p>\n","protected":false},"author":1,"featured_media":0,"parent":0,"menu_order":0,"comment_status":"closed","ping_status":"closed","template":"","meta":{"site-sidebar-layout":"no-sidebar","site-content-layout":"","ast-site-content-layout":"full-width-container","site-content-style":"default","site-sidebar-style":"default","ast-global-header-display":"","ast-banner-title-visibility":"","ast-main-header-display":"","ast-hfb-above-header-display":"","ast-hfb-below-header-display":"","ast-hfb-mobile-header-display":"","site-post-title":"","ast-breadcrumbs-content":"","ast-featured-img":"disabled","footer-sml-layout":"","theme-transparent-header-meta":"","adv-header-id-meta":"","stick-header-meta":"","header-above-stick-meta":"","header-main-stick-meta":"","header-below-stick-meta":"","astra-migrate-meta-layouts":"default","ast-page-background-enabled":"default","ast-page-background-meta":{"desktop":{"background-color":"var(--ast-global-color-5)","background-image":"","background-repeat":"repeat","background-position":"center center","background-size":"auto","background-attachment":"scroll","background-type":"","background-media":"","overlay-type":"","overlay-color":"","overlay-opacity":"","overlay-gradient":""},"tablet":{"background-color":"","background-image":"","background-repeat":"repeat","background-position":"center center","background-size":"auto","background-attachment":"scroll","background-type":"","background-media":"","overlay-type":"","overlay-color":"","overlay-opacity":"","overlay-gradient":""},"mobile":{"background-color":"","background-image":"","background-repeat":"repeat","background-position":"center center","background-size":"auto","background-attachment":"scroll","background-type":"","background-media":"","overlay-type":"","overlay-color":"","overlay-opacity":"","overlay-gradient":""}},"ast-content-background-meta":{"desktop":{"background-color":"var(--ast-global-color-4)","background-image":"","background-repeat":"repeat","background-position":"center center","background-size":"auto","background-attachment":"scroll","background-type":"","background-media":"","overlay-type":"","overlay-color":"","overlay-opacity":"","overlay-gradient":""},"tablet":{"background-color":"var(--ast-global-color-4)","background-image":"","background-repeat":"repeat","background-position":"center center","background-size":"auto","background-attachment":"scroll","background-type":"","background-media":"","overlay-type":"","overlay-color":"","overlay-opacity":"","overlay-gradient":""},"mobile":{"background-color":"var(--ast-global-color-4)","background-image":"","background-repeat":"repeat","background-position":"center center","background-size":"auto","background-attachment":"scroll","background-type":"","background-media":"","overlay-type":"","overlay-color":"","overlay-opacity":"","overlay-gradient":""}},"footnotes":""},"class_list":["post-2722","page","type-page","status-publish","hentry"],"_links":{"self":[{"href":"https:\/\/lauraqueirolo.com\/fifanasia\/wp-json\/wp\/v2\/pages\/2722","targetHints":{"allow":["GET"]}}],"collection":[{"href":"https:\/\/lauraqueirolo.com\/fifanasia\/wp-json\/wp\/v2\/pages"}],"about":[{"href":"https:\/\/lauraqueirolo.com\/fifanasia\/wp-json\/wp\/v2\/types\/page"}],"author":[{"embeddable":true,"href":"https:\/\/lauraqueirolo.com\/fifanasia\/wp-json\/wp\/v2\/users\/1"}],"replies":[{"embeddable":true,"href":"https:\/\/lauraqueirolo.com\/fifanasia\/wp-json\/wp\/v2\/comments?post=2722"}],"version-history":[{"count":37,"href":"https:\/\/lauraqueirolo.com\/fifanasia\/wp-json\/wp\/v2\/pages\/2722\/revisions"}],"predecessor-version":[{"id":3279,"href":"https:\/\/lauraqueirolo.com\/fifanasia\/wp-json\/wp\/v2\/pages\/2722\/revisions\/3279"}],"wp:attachment":[{"href":"https:\/\/lauraqueirolo.com\/fifanasia\/wp-json\/wp\/v2\/media?parent=2722"}],"curies":[{"name":"wp","href":"https:\/\/api.w.org\/{rel}","templated":true}]}}