{"id":42,"date":"2025-08-12T15:47:47","date_gmt":"2025-08-12T15:47:47","guid":{"rendered":"https:\/\/lauraqueirolo.com\/fifanasia\/?page_id=42"},"modified":"2025-09-24T02:13:20","modified_gmt":"2025-09-24T02:13:20","slug":"contacto","status":"publish","type":"page","link":"https:\/\/lauraqueirolo.com\/fifanasia\/contacto\/","title":{"rendered":"Contacto"},"content":{"rendered":"\t\t<div data-elementor-type=\"wp-page\" data-elementor-id=\"42\" class=\"elementor elementor-42\">\n\t\t\t\t<div class=\"elementor-element elementor-element-7d45551 e-flex e-con-boxed e-con e-parent\" data-id=\"7d45551\" data-element_type=\"container\">\n\t\t\t\t\t<div class=\"e-con-inner\">\n\t\t<div class=\"elementor-element elementor-element-17c8d5b e-con-full e-flex e-con e-child\" data-id=\"17c8d5b\" data-element_type=\"container\">\n\t\t<div class=\"elementor-element elementor-element-93f036f e-con-full e-flex e-con e-child\" data-id=\"93f036f\" data-element_type=\"container\">\n\t\t<div class=\"elementor-element elementor-element-a91db34 e-con-full e-flex e-con e-child\" data-id=\"a91db34\" data-element_type=\"container\">\n\t\t\t\t<div class=\"elementor-element elementor-element-4ddafc9 elementor-widget elementor-widget-heading\" data-id=\"4ddafc9\" data-element_type=\"widget\" data-widget_type=\"heading.default\">\n\t\t\t\t\t<h1 class=\"elementor-heading-title elementor-size-default\">Contactanos<\/h1>\t\t\t\t<\/div>\n\t\t\t\t<div class=\"elementor-element elementor-element-822722d elementor-widget elementor-widget-text-editor\" data-id=\"822722d\" data-element_type=\"widget\" data-widget_type=\"text-editor.default\">\n\t\t\t\t\t\t\t\t\t<p>Para consultas, presupuestos o pedidos, pod\u00e9s comunicarte con nosotros a trav\u00e9s de nuestro\u00a0 correo electr\u00f3nico o n\u00famero telef\u00f3nico.<br \/>\u00a1Te responderemos a la brevedad!<\/p>\t\t\t\t\t\t\t\t<\/div>\n\t\t\t\t<div class=\"elementor-element elementor-element-c62e69f elementor-icon-list--layout-traditional elementor-list-item-link-full_width elementor-widget elementor-widget-icon-list\" data-id=\"c62e69f\" data-element_type=\"widget\" data-widget_type=\"icon-list.default\">\n\t\t\t\t\t\t\t<ul class=\"elementor-icon-list-items\">\n\t\t\t\t\t\t\t<li class=\"elementor-icon-list-item\">\n\t\t\t\t\t\t\t\t\t\t\t<a href=\"mailto:fifanasiaticos@gmail.com?subject=Consulta%20desde%20la%20web&#038;body=Hola,%20quiero%20m\u00e1s%20informaci\u00f3n%20sobre...\">\n\n\t\t\t\t\t\t\t\t\t\t\t\t<span class=\"elementor-icon-list-icon\">\n\t\t\t\t\t\t\t<i aria-hidden=\"true\" class=\"icon icon-email\"><\/i>\t\t\t\t\t\t<\/span>\n\t\t\t\t\t\t\t\t\t\t<span class=\"elementor-icon-list-text\">Correo Electr\u00f3nico: fifanasiaticos@gmail.com<\/span>\n\t\t\t\t\t\t\t\t\t\t\t<\/a>\n\t\t\t\t\t\t\t\t\t<\/li>\n\t\t\t\t\t\t\t\t<li class=\"elementor-icon-list-item\">\n\t\t\t\t\t\t\t\t\t\t\t<a href=\"https:\/\/api.whatsapp.com\/send\/?phone=5491139409945&#038;text=Hola%21+Quiero+m%C3%A1s+informaci%C3%B3n+sobre+los+productos.&#038;type=phone_number&#038;app_absent=0\" target=\"_blank\">\n\n\t\t\t\t\t\t\t\t\t\t\t\t<span class=\"elementor-icon-list-icon\">\n\t\t\t\t\t\t\t<i aria-hidden=\"true\" class=\"icon icon-phone1\"><\/i>\t\t\t\t\t\t<\/span>\n\t\t\t\t\t\t\t\t\t\t<span class=\"elementor-icon-list-text\">Tel\u00e9fono: +54 9 11-3940-9945<\/span>\n\t\t\t\t\t\t\t\t\t\t\t<\/a>\n\t\t\t\t\t\t\t\t\t<\/li>\n\t\t\t\t\t\t<\/ul>\n\t\t\t\t\t\t<\/div>\n\t\t\t\t<div class=\"elementor-element elementor-element-dadf471 elementor-widget elementor-widget-text-editor\" data-id=\"dadf471\" data-element_type=\"widget\" data-widget_type=\"text-editor.default\">\n\t\t\t\t\t\t\t\t\t<p><span style=\"text-decoration: underline;\"><strong>Horario de Atenci\u00f3n:<\/strong><\/span><br \/>Martes a Domingo de 9:00 a 18:00 hs.<\/p>\t\t\t\t\t\t\t\t<\/div>\n\t\t\t\t<\/div>\n\t\t<div class=\"elementor-element elementor-element-0c371cf e-con-full e-flex e-con e-child\" data-id=\"0c371cf\" data-element_type=\"container\">\n\t\t\t\t<div class=\"elementor-element elementor-element-deabedc elementor-widget elementor-widget-heading\" data-id=\"deabedc\" data-element_type=\"widget\" data-widget_type=\"heading.default\">\n\t\t\t\t\t<h2 class=\"elementor-heading-title elementor-size-default\">Fifan<\/h2>\t\t\t\t<\/div>\n\t\t\t\t<div class=\"elementor-element elementor-element-34dd981 elementor-widget elementor-widget-text-editor\" data-id=\"34dd981\" data-element_type=\"widget\" data-widget_type=\"text-editor.default\">\n\t\t\t\t\t\t\t\t\t<p>Supermercado de productos Asi\u00e1ticos<\/p>\t\t\t\t\t\t\t\t<\/div>\n\t\t\t\t<div class=\"elementor-element elementor-element-aec3d2a elementor-widget elementor-widget-text-editor\" data-id=\"aec3d2a\" data-element_type=\"widget\" data-widget_type=\"text-editor.default\">\n\t\t\t\t\t\t\t\t\t<p>Mart\u00ednez Melo 158, Moreno Provincia de Buenos Aires<\/p>\t\t\t\t\t\t\t\t<\/div>\n\t\t\t\t<div class=\"elementor-element elementor-element-0d75bac elementor-widget elementor-widget-google_maps\" data-id=\"0d75bac\" data-element_type=\"widget\" data-widget_type=\"google_maps.default\">\n\t\t\t\t\t\t\t<div class=\"elementor-custom-embed\">\n\t\t\t<iframe loading=\"lazy\"\n\t\t\t\t\tsrc=\"https:\/\/maps.google.com\/maps?q=Mart%C3%ADnez%20Melo%20158%2C%20Moreno%20Provincia%20de%20Buenos%20Aires&#038;t=m&#038;z=15&#038;output=embed&#038;iwloc=near\"\n\t\t\t\t\ttitle=\"Mart\u00ednez Melo 158, Moreno Provincia de Buenos Aires\"\n\t\t\t\t\taria-label=\"Mart\u00ednez Melo 158, Moreno Provincia de Buenos Aires\"\n\t\t\t><\/iframe>\n\t\t<\/div>\n\t\t\t\t\t\t<\/div>\n\t\t\t\t<\/div>\n\t\t\t\t<\/div>\n\t\t\t\t<\/div>\n\t\t\t\t\t<\/div>\n\t\t\t\t<\/div>\n\t\t\t\t<\/div>\n\t\t","protected":false},"excerpt":{"rendered":"<p>Contactanos Para consultas, presupuestos o pedidos, pod\u00e9s comunicarte con nosotros a trav\u00e9s de nuestro\u00a0 correo electr\u00f3nico o n\u00famero telef\u00f3nico.\u00a1Te responderemos [&hellip;]<\/p>\n","protected":false},"author":1,"featured_media":0,"parent":0,"menu_order":0,"comment_status":"closed","ping_status":"closed","template":"","meta":{"site-sidebar-layout":"no-sidebar","site-content-layout":"","ast-site-content-layout":"full-width-container","site-content-style":"default","site-sidebar-style":"default","ast-global-header-display":"","ast-banner-title-visibility":"","ast-main-header-display":"","ast-hfb-above-header-display":"","ast-hfb-below-header-display":"","ast-hfb-mobile-header-display":"","site-post-title":"","ast-breadcrumbs-content":"","ast-featured-img":"disabled","footer-sml-layout":"","theme-transparent-header-meta":"","adv-header-id-meta":"","stick-header-meta":"","header-above-stick-meta":"","header-main-stick-meta":"","header-below-stick-meta":"","astra-migrate-meta-layouts":"default","ast-page-background-enabled":"default","ast-page-background-meta":{"desktop":{"background-color":"var(--ast-global-color-5)","background-image":"","background-repeat":"repeat","background-position":"center center","background-size":"auto","background-attachment":"scroll","background-type":"","background-media":"","overlay-type":"","overlay-color":"","overlay-opacity":"","overlay-gradient":""},"tablet":{"background-color":"","background-image":"","background-repeat":"repeat","background-position":"center center","background-size":"auto","background-attachment":"scroll","background-type":"","background-media":"","overlay-type":"","overlay-color":"","overlay-opacity":"","overlay-gradient":""},"mobile":{"background-color":"","background-image":"","background-repeat":"repeat","background-position":"center center","background-size":"auto","background-attachment":"scroll","background-type":"","background-media":"","overlay-type":"","overlay-color":"","overlay-opacity":"","overlay-gradient":""}},"ast-content-background-meta":{"desktop":{"background-color":"var(--ast-global-color-4)","background-image":"","background-repeat":"repeat","background-position":"center center","background-size":"auto","background-attachment":"scroll","background-type":"","background-media":"","overlay-type":"","overlay-color":"","overlay-opacity":"","overlay-gradient":""},"tablet":{"background-color":"var(--ast-global-color-4)","background-image":"","background-repeat":"repeat","background-position":"center center","background-size":"auto","background-attachment":"scroll","background-type":"","background-media":"","overlay-type":"","overlay-color":"","overlay-opacity":"","overlay-gradient":""},"mobile":{"background-color":"var(--ast-global-color-4)","background-image":"","background-repeat":"repeat","background-position":"center center","background-size":"auto","background-attachment":"scroll","background-type":"","background-media":"","overlay-type":"","overlay-color":"","overlay-opacity":"","overlay-gradient":""}},"footnotes":""},"class_list":["post-42","page","type-page","status-publish","hentry"],"_links":{"self":[{"href":"https:\/\/lauraqueirolo.com\/fifanasia\/wp-json\/wp\/v2\/pages\/42","targetHints":{"allow":["GET"]}}],"collection":[{"href":"https:\/\/lauraqueirolo.com\/fifanasia\/wp-json\/wp\/v2\/pages"}],"about":[{"href":"https:\/\/lauraqueirolo.com\/fifanasia\/wp-json\/wp\/v2\/types\/page"}],"author":[{"embeddable":true,"href":"https:\/\/lauraqueirolo.com\/fifanasia\/wp-json\/wp\/v2\/users\/1"}],"replies":[{"embeddable":true,"href":"https:\/\/lauraqueirolo.com\/fifanasia\/wp-json\/wp\/v2\/comments?post=42"}],"version-history":[{"count":46,"href":"https:\/\/lauraqueirolo.com\/fifanasia\/wp-json\/wp\/v2\/pages\/42\/revisions"}],"predecessor-version":[{"id":2771,"href":"https:\/\/lauraqueirolo.com\/fifanasia\/wp-json\/wp\/v2\/pages\/42\/revisions\/2771"}],"wp:attachment":[{"href":"https:\/\/lauraqueirolo.com\/fifanasia\/wp-json\/wp\/v2\/media?parent=42"}],"curies":[{"name":"wp","href":"https:\/\/api.w.org\/{rel}","templated":true}]}}