{"id":1979,"date":"2025-09-19T21:51:19","date_gmt":"2025-09-19T21:51:19","guid":{"rendered":"https:\/\/lauraqueirolo.com\/fifanasia\/?post_type=product&#038;p=1979"},"modified":"2025-09-25T14:50:39","modified_gmt":"2025-09-25T14:50:39","slug":"ramen-instantaneo-sabor-carne-5-especias-marca-nissin","status":"publish","type":"product","link":"https:\/\/lauraqueirolo.com\/fifanasia\/producto\/ramen-instantaneo-sabor-carne-5-especias-marca-nissin\/","title":{"rendered":"Ramen instant\u00e1neo sabor carne 5 especias Marca Nissin"},"excerpt":{"rendered":"<p>La mezcla de las cinco especias, cuidadosamente seleccionadas, crea un equilibrio perfecto entre dulce, amargo, picante, salado y umami, ofreciendo una profundidad de sabor que satisface incluso a los paladares m\u00e1s exigentes. La facilidad de preparaci\u00f3n de estos fideos los convierte en la opci\u00f3n ideal para una comida r\u00e1pida sin sacrificar el gusto.<\/p>\n","protected":false},"featured_media":3131,"template":"","meta":{"site-sidebar-layout":"default","site-content-layout":"","ast-site-content-layout":"default","site-content-style":"default","site-sidebar-style":"default","ast-global-header-display":"","ast-banner-title-visibility":"","ast-main-header-display":"","ast-hfb-above-header-display":"","ast-hfb-below-header-display":"","ast-hfb-mobile-header-display":"","site-post-title":"","ast-breadcrumbs-content":"","ast-featured-img":"","footer-sml-layout":"","theme-transparent-header-meta":"default","adv-header-id-meta":"","stick-header-meta":"","header-above-stick-meta":"","header-main-stick-meta":"","header-below-stick-meta":"","astra-migrate-meta-layouts":"set","ast-page-background-enabled":"default","ast-page-background-meta":{"desktop":{"background-color":"var(--ast-global-color-5)","background-image":"","background-repeat":"repeat","background-position":"center center","background-size":"auto","background-attachment":"scroll","background-type":"","background-media":"","overlay-type":"","overlay-color":"","overlay-opacity":"","overlay-gradient":""},"tablet":{"background-color":"","background-image":"","background-repeat":"repeat","background-position":"center center","background-size":"auto","background-attachment":"scroll","background-type":"","background-media":"","overlay-type":"","overlay-color":"","overlay-opacity":"","overlay-gradient":""},"mobile":{"background-color":"","background-image":"","background-repeat":"repeat","background-position":"center center","background-size":"auto","background-attachment":"scroll","background-type":"","background-media":"","overlay-type":"","overlay-color":"","overlay-opacity":"","overlay-gradient":""}},"ast-content-background-meta":{"desktop":{"background-color":"var(--ast-global-color-4)","background-image":"","background-repeat":"repeat","background-position":"center center","background-size":"auto","background-attachment":"scroll","background-type":"","background-media":"","overlay-type":"","overlay-color":"","overlay-opacity":"","overlay-gradient":""},"tablet":{"background-color":"var(--ast-global-color-4)","background-image":"","background-repeat":"repeat","background-position":"center center","background-size":"auto","background-attachment":"scroll","background-type":"","background-media":"","overlay-type":"","overlay-color":"","overlay-opacity":"","overlay-gradient":""},"mobile":{"background-color":"var(--ast-global-color-4)","background-image":"","background-repeat":"repeat","background-position":"center center","background-size":"auto","background-attachment":"scroll","background-type":"","background-media":"","overlay-type":"","overlay-color":"","overlay-opacity":"","overlay-gradient":""}}},"product_brand":[70],"product_cat":[32,54],"product_tag":[],"class_list":{"0":"post-1979","1":"product","2":"type-product","3":"status-publish","4":"has-post-thumbnail","6":"product_brand-nissin","7":"product_cat-fideos","8":"product_cat-ramen","9":"pa_pack-kit-ramen","10":"pa_peso-100-gr","11":"desktop-align-left","12":"tablet-align-left","13":"mobile-align-left","15":"first","16":"instock","17":"featured","18":"shipping-taxable","19":"purchasable","20":"product-type-simple"},"_links":{"self":[{"href":"https:\/\/lauraqueirolo.com\/fifanasia\/wp-json\/wp\/v2\/product\/1979","targetHints":{"allow":["GET"]}}],"collection":[{"href":"https:\/\/lauraqueirolo.com\/fifanasia\/wp-json\/wp\/v2\/product"}],"about":[{"href":"https:\/\/lauraqueirolo.com\/fifanasia\/wp-json\/wp\/v2\/types\/product"}],"version-history":[{"count":2,"href":"https:\/\/lauraqueirolo.com\/fifanasia\/wp-json\/wp\/v2\/product\/1979\/revisions"}],"predecessor-version":[{"id":1982,"href":"https:\/\/lauraqueirolo.com\/fifanasia\/wp-json\/wp\/v2\/product\/1979\/revisions\/1982"}],"wp:featuredmedia":[{"embeddable":true,"href":"https:\/\/lauraqueirolo.com\/fifanasia\/wp-json\/wp\/v2\/media\/3131"}],"wp:attachment":[{"href":"https:\/\/lauraqueirolo.com\/fifanasia\/wp-json\/wp\/v2\/media?parent=1979"}],"wp:term":[{"taxonomy":"product_brand","embeddable":true,"href":"https:\/\/lauraqueirolo.com\/fifanasia\/wp-json\/wp\/v2\/product_brand?post=1979"},{"taxonomy":"product_cat","embeddable":true,"href":"https:\/\/lauraqueirolo.com\/fifanasia\/wp-json\/wp\/v2\/product_cat?post=1979"},{"taxonomy":"product_tag","embeddable":true,"href":"https:\/\/lauraqueirolo.com\/fifanasia\/wp-json\/wp\/v2\/product_tag?post=1979"}],"curies":[{"name":"wp","href":"https:\/\/api.w.org\/{rel}","templated":true}]}}