{"id":2017,"date":"2025-09-20T00:07:59","date_gmt":"2025-09-20T00:07:59","guid":{"rendered":"https:\/\/lauraqueirolo.com\/fifanasia\/?post_type=product&#038;p=2017"},"modified":"2025-09-29T22:53:11","modified_gmt":"2025-09-29T22:53:11","slug":"pocky-sabor-yogurt-de-arandanos-marca-glico","status":"publish","type":"product","link":"https:\/\/lauraqueirolo.com\/fifanasia\/producto\/pocky-sabor-yogurt-de-arandanos-marca-glico\/","title":{"rendered":"Pocky sabor yogurt de ar\u00e1ndanos | Glico"},"excerpt":{"rendered":"<p>Viniendo directamente de Jap\u00f3n, estos peque\u00f1os palitos est\u00e1n hechos con ingredientes saludables, como trigo y avena. Cubiertos con una generosa cobertura de yogur de ar\u00e1ndanos, \u00a1son crujientes, cremosos y terriblemente deliciosos! Su toque afrutado combina a la perfecci\u00f3n con el crocante de la galleta.<\/p>\n<p>Pocky es una galletita hecha por Ezaki Glico Company en Jap\u00f3n. La primera versi\u00f3n de Pocky se vendi\u00f3 en 1965, bajo el nombre de Chocoteck, y consist\u00eda en una galleta delgada en forma de barra cubierta con glaseado de chocolate.<\/p>\n","protected":false},"featured_media":2008,"template":"","meta":{"site-sidebar-layout":"default","site-content-layout":"","ast-site-content-layout":"default","site-content-style":"default","site-sidebar-style":"default","ast-global-header-display":"","ast-banner-title-visibility":"","ast-main-header-display":"","ast-hfb-above-header-display":"","ast-hfb-below-header-display":"","ast-hfb-mobile-header-display":"","site-post-title":"","ast-breadcrumbs-content":"","ast-featured-img":"","footer-sml-layout":"","theme-transparent-header-meta":"default","adv-header-id-meta":"","stick-header-meta":"","header-above-stick-meta":"","header-main-stick-meta":"","header-below-stick-meta":"","astra-migrate-meta-layouts":"set","ast-page-background-enabled":"default","ast-page-background-meta":{"desktop":{"background-color":"var(--ast-global-color-5)","background-image":"","background-repeat":"repeat","background-position":"center center","background-size":"auto","background-attachment":"scroll","background-type":"","background-media":"","overlay-type":"","overlay-color":"","overlay-opacity":"","overlay-gradient":""},"tablet":{"background-color":"","background-image":"","background-repeat":"repeat","background-position":"center center","background-size":"auto","background-attachment":"scroll","background-type":"","background-media":"","overlay-type":"","overlay-color":"","overlay-opacity":"","overlay-gradient":""},"mobile":{"background-color":"","background-image":"","background-repeat":"repeat","background-position":"center center","background-size":"auto","background-attachment":"scroll","background-type":"","background-media":"","overlay-type":"","overlay-color":"","overlay-opacity":"","overlay-gradient":""}},"ast-content-background-meta":{"desktop":{"background-color":"var(--ast-global-color-4)","background-image":"","background-repeat":"repeat","background-position":"center center","background-size":"auto","background-attachment":"scroll","background-type":"","background-media":"","overlay-type":"","overlay-color":"","overlay-opacity":"","overlay-gradient":""},"tablet":{"background-color":"var(--ast-global-color-4)","background-image":"","background-repeat":"repeat","background-position":"center center","background-size":"auto","background-attachment":"scroll","background-type":"","background-media":"","overlay-type":"","overlay-color":"","overlay-opacity":"","overlay-gradient":""},"mobile":{"background-color":"var(--ast-global-color-4)","background-image":"","background-repeat":"repeat","background-position":"center center","background-size":"auto","background-attachment":"scroll","background-type":"","background-media":"","overlay-type":"","overlay-color":"","overlay-opacity":"","overlay-gradient":""}}},"product_brand":[23],"product_cat":[31,65],"product_tag":[],"class_list":{"0":"post-2017","1":"product","2":"type-product","3":"status-publish","4":"has-post-thumbnail","6":"product_brand-glico","7":"product_cat-snacks","8":"product_cat-dulce","9":"pa_envase-caja","10":"pa_origen-japon","11":"pa_peso-47-gr","12":"desktop-align-left","13":"tablet-align-left","14":"mobile-align-left","16":"first","17":"instock","18":"featured","19":"shipping-taxable","20":"purchasable","21":"product-type-simple"},"_links":{"self":[{"href":"https:\/\/lauraqueirolo.com\/fifanasia\/wp-json\/wp\/v2\/product\/2017","targetHints":{"allow":["GET"]}}],"collection":[{"href":"https:\/\/lauraqueirolo.com\/fifanasia\/wp-json\/wp\/v2\/product"}],"about":[{"href":"https:\/\/lauraqueirolo.com\/fifanasia\/wp-json\/wp\/v2\/types\/product"}],"version-history":[{"count":2,"href":"https:\/\/lauraqueirolo.com\/fifanasia\/wp-json\/wp\/v2\/product\/2017\/revisions"}],"predecessor-version":[{"id":3536,"href":"https:\/\/lauraqueirolo.com\/fifanasia\/wp-json\/wp\/v2\/product\/2017\/revisions\/3536"}],"wp:featuredmedia":[{"embeddable":true,"href":"https:\/\/lauraqueirolo.com\/fifanasia\/wp-json\/wp\/v2\/media\/2008"}],"wp:attachment":[{"href":"https:\/\/lauraqueirolo.com\/fifanasia\/wp-json\/wp\/v2\/media?parent=2017"}],"wp:term":[{"taxonomy":"product_brand","embeddable":true,"href":"https:\/\/lauraqueirolo.com\/fifanasia\/wp-json\/wp\/v2\/product_brand?post=2017"},{"taxonomy":"product_cat","embeddable":true,"href":"https:\/\/lauraqueirolo.com\/fifanasia\/wp-json\/wp\/v2\/product_cat?post=2017"},{"taxonomy":"product_tag","embeddable":true,"href":"https:\/\/lauraqueirolo.com\/fifanasia\/wp-json\/wp\/v2\/product_tag?post=2017"}],"curies":[{"name":"wp","href":"https:\/\/api.w.org\/{rel}","templated":true}]}}