{"id":57,"date":"2025-08-12T16:31:59","date_gmt":"2025-08-12T16:31:59","guid":{"rendered":"https:\/\/lauraqueirolo.com\/fifanasia\/?post_type=product&#038;p=57"},"modified":"2025-08-25T20:12:33","modified_gmt":"2025-08-25T20:12:33","slug":"pocky-sabor-chocolate-con-almendras-glico","status":"publish","type":"product","link":"https:\/\/lauraqueirolo.com\/fifanasia\/producto\/pocky-sabor-chocolate-con-almendras-glico\/","title":{"rendered":"Pocky sabor chocolate con almendras | Glico"},"excerpt":{"rendered":"<p>El Pocky Chocolate Con Almendras Glico es un producto de alta calidad, importado directamente desde Asia Oriental.<br \/>\nProveniente de pa\u00edses como China, Taiwan y Tailandia, este snack es una aut\u00e9ntica delicia que te transportar\u00e1 a estas ex\u00f3ticas culturas con cada mordida.<br \/>\nSe caracteriza por su palito de galleta, que est\u00e1 cubierto con una generosa capa de chocolate y almendras, brindando una experiencia de sabor \u00fanica y aut\u00e9ntica.<br \/>\nEste producto lleva la marca Glico, reconocida por su compromiso con la calidad y el sabor.<\/p>\n","protected":false},"featured_media":58,"template":"","meta":{"site-sidebar-layout":"default","site-content-layout":"","ast-site-content-layout":"default","site-content-style":"default","site-sidebar-style":"default","ast-global-header-display":"","ast-banner-title-visibility":"","ast-main-header-display":"","ast-hfb-above-header-display":"","ast-hfb-below-header-display":"","ast-hfb-mobile-header-display":"","site-post-title":"","ast-breadcrumbs-content":"","ast-featured-img":"","footer-sml-layout":"","theme-transparent-header-meta":"default","adv-header-id-meta":"","stick-header-meta":"","header-above-stick-meta":"","header-main-stick-meta":"","header-below-stick-meta":"","astra-migrate-meta-layouts":"set","ast-page-background-enabled":"default","ast-page-background-meta":{"desktop":{"background-color":"var(--ast-global-color-5)","background-image":"","background-repeat":"repeat","background-position":"center center","background-size":"auto","background-attachment":"scroll","background-type":"","background-media":"","overlay-type":"","overlay-color":"","overlay-opacity":"","overlay-gradient":""},"tablet":{"background-color":"","background-image":"","background-repeat":"repeat","background-position":"center center","background-size":"auto","background-attachment":"scroll","background-type":"","background-media":"","overlay-type":"","overlay-color":"","overlay-opacity":"","overlay-gradient":""},"mobile":{"background-color":"","background-image":"","background-repeat":"repeat","background-position":"center center","background-size":"auto","background-attachment":"scroll","background-type":"","background-media":"","overlay-type":"","overlay-color":"","overlay-opacity":"","overlay-gradient":""}},"ast-content-background-meta":{"desktop":{"background-color":"var(--ast-global-color-4)","background-image":"","background-repeat":"repeat","background-position":"center center","background-size":"auto","background-attachment":"scroll","background-type":"","background-media":"","overlay-type":"","overlay-color":"","overlay-opacity":"","overlay-gradient":""},"tablet":{"background-color":"var(--ast-global-color-4)","background-image":"","background-repeat":"repeat","background-position":"center center","background-size":"auto","background-attachment":"scroll","background-type":"","background-media":"","overlay-type":"","overlay-color":"","overlay-opacity":"","overlay-gradient":""},"mobile":{"background-color":"var(--ast-global-color-4)","background-image":"","background-repeat":"repeat","background-position":"center center","background-size":"auto","background-attachment":"scroll","background-type":"","background-media":"","overlay-type":"","overlay-color":"","overlay-opacity":"","overlay-gradient":""}}},"product_brand":[23],"product_cat":[65],"product_tag":[],"class_list":{"0":"post-57","1":"product","2":"type-product","3":"status-publish","4":"has-post-thumbnail","6":"product_brand-glico","7":"product_cat-dulce","8":"pa_origen-japon","9":"pa_peso-47-gr","10":"desktop-align-left","11":"tablet-align-left","12":"mobile-align-left","14":"first","15":"instock","16":"featured","17":"shipping-taxable","18":"purchasable","19":"product-type-simple"},"_links":{"self":[{"href":"https:\/\/lauraqueirolo.com\/fifanasia\/wp-json\/wp\/v2\/product\/57","targetHints":{"allow":["GET"]}}],"collection":[{"href":"https:\/\/lauraqueirolo.com\/fifanasia\/wp-json\/wp\/v2\/product"}],"about":[{"href":"https:\/\/lauraqueirolo.com\/fifanasia\/wp-json\/wp\/v2\/types\/product"}],"version-history":[{"count":0,"href":"https:\/\/lauraqueirolo.com\/fifanasia\/wp-json\/wp\/v2\/product\/57\/revisions"}],"wp:featuredmedia":[{"embeddable":true,"href":"https:\/\/lauraqueirolo.com\/fifanasia\/wp-json\/wp\/v2\/media\/58"}],"wp:attachment":[{"href":"https:\/\/lauraqueirolo.com\/fifanasia\/wp-json\/wp\/v2\/media?parent=57"}],"wp:term":[{"taxonomy":"product_brand","embeddable":true,"href":"https:\/\/lauraqueirolo.com\/fifanasia\/wp-json\/wp\/v2\/product_brand?post=57"},{"taxonomy":"product_cat","embeddable":true,"href":"https:\/\/lauraqueirolo.com\/fifanasia\/wp-json\/wp\/v2\/product_cat?post=57"},{"taxonomy":"product_tag","embeddable":true,"href":"https:\/\/lauraqueirolo.com\/fifanasia\/wp-json\/wp\/v2\/product_tag?post=57"}],"curies":[{"name":"wp","href":"https:\/\/api.w.org\/{rel}","templated":true}]}}